{"id":3492,"date":"2021-08-11T23:28:03","date_gmt":"2021-08-11T23:28:03","guid":{"rendered":"https:\/\/infection.crto.on.ca\/?page_id=3492"},"modified":"2023-05-15T13:53:01","modified_gmt":"2023-05-15T13:53:01","slug":"derniers-commentaires","status":"publish","type":"page","link":"https:\/\/infection.crto.on.ca\/fr\/derniers-commentaires\/","title":{"rendered":"Derniers commentaires"},"content":{"rendered":"<p>[et_pb_section fb_built=\u00a0\u00bb1&Prime; _builder_version=\u00a0\u00bb4.16&Prime; background_image=\u00a0\u00bbhttps:\/\/infection.crto.on.ca\/wp-content\/uploads\/sites\/18\/2021\/02\/crto-greenpattern-crop-2.jpg\u00a0\u00bb border_width_bottom=\u00a0\u00bb3px\u00a0\u00bb border_color_bottom=\u00a0\u00bb#81AC50&Prime; global_colors_info=\u00a0\u00bb{}\u00a0\u00bb][et_pb_row _builder_version=\u00a0\u00bb4.16&Prime; background_size=\u00a0\u00bbinitial\u00a0\u00bb background_position=\u00a0\u00bbtop_left\u00a0\u00bb background_repeat=\u00a0\u00bbrepeat\u00a0\u00bb global_colors_info=\u00a0\u00bb{}\u00a0\u00bb][et_pb_column type=\u00a0\u00bb4_4&Prime; _builder_version=\u00a0\u00bb4.16&Prime; custom_padding=\u00a0\u00bb|||\u00a0\u00bb global_colors_info=\u00a0\u00bb{}\u00a0\u00bb custom_padding__hover=\u00a0\u00bb|||\u00a0\u00bb][et_pb_text admin_label=\u00a0\u00bbTITLE\u00a0\u00bb _builder_version=\u00a0\u00bb4.20.0&Prime; module_alignment=\u00a0\u00bbleft\u00a0\u00bb border_style=\u00a0\u00bbsolid\u00a0\u00bb global_colors_info=\u00a0\u00bb{}\u00a0\u00bb]<\/p>\n<h1><strong>Derniers commentaires et recommandations<\/strong><\/h1>\n<p>[\/et_pb_text][\/et_pb_column][\/et_pb_row][\/et_pb_section][et_pb_section fb_built=\u00a0\u00bb1&Prime; custom_padding_last_edited=\u00a0\u00bbon|desktop\u00a0\u00bb _builder_version=\u00a0\u00bb4.16&Prime; _module_preset=\u00a0\u00bbdefault\u00a0\u00bb module_alignment=\u00a0\u00bbcenter\u00a0\u00bb custom_padding=\u00a0\u00bb150px||150px||true|false\u00a0\u00bb custom_padding_tablet=\u00a0\u00bb\u00a0\u00bb custom_padding_phone=\u00a0\u00bb\u00a0\u00bb border_width_bottom=\u00a0\u00bb3px\u00a0\u00bb border_color_bottom=\u00a0\u00bb#81AC50&Prime; global_colors_info=\u00a0\u00bb{}\u00a0\u00bb][et_pb_row column_structure=\u00a0\u00bb1_3,2_3&Prime; _builder_version=\u00a0\u00bb4.16&Prime; _module_preset=\u00a0\u00bbdefault\u00a0\u00bb global_colors_info=\u00a0\u00bb{}\u00a0\u00bb][et_pb_column type=\u00a0\u00bb1_3&Prime; _builder_version=\u00a0\u00bb4.16&Prime; _module_preset=\u00a0\u00bbdefault\u00a0\u00bb global_colors_info=\u00a0\u00bb{}\u00a0\u00bb][et_pb_text admin_label=\u00a0\u00bbtitle\u00a0\u00bb _builder_version=\u00a0\u00bb4.20.0&Prime; header_font_size=\u00a0\u00bb45px\u00a0\u00bb header_2_line_height=\u00a0\u00bb1.2em\u00a0\u00bb custom_margin=\u00a0\u00bb||10px|\u00a0\u00bb global_colors_info=\u00a0\u00bb{}\u00a0\u00bb]<\/p>\n<h2><strong>La raison d\u2019\u00eatre du pr\u00e9sent document sur la pr\u00e9vention et la lutte contre les infections est double:<\/strong><\/h2>\n<p>[\/et_pb_text][\/et_pb_column][et_pb_column type=\u00a0\u00bb2_3&Prime; _builder_version=\u00a0\u00bb4.16&Prime; _module_preset=\u00a0\u00bbdefault\u00a0\u00bb global_colors_info=\u00a0\u00bb{}\u00a0\u00bb][et_pb_blurb use_icon=\u00a0\u00bbon\u00a0\u00bb font_icon=\u00a0\u00bb&#x39;||divi||400&Prime; icon_color=\u00a0\u00bb#81AC50&Prime; icon_placement=\u00a0\u00bbleft\u00a0\u00bb _builder_version=\u00a0\u00bb4.20.0&Prime; animation_style=\u00a0\u00bbzoom\u00a0\u00bb global_colors_info=\u00a0\u00bb{}\u00a0\u00bb]1. Fournir une ressource d\u00e9taill\u00e9e concernant la pr\u00e9vention des infections aux membres de l\u2019OTRO qui renferme de l\u2019information visant particuli\u00e8rement les th\u00e9rapeutes respiratoires;[\/et_pb_blurb][et_pb_blurb use_icon=\u00a0\u00bbon\u00a0\u00bb font_icon=\u00a0\u00bb&#x39;||divi||400&Prime; icon_color=\u00a0\u00bb#81AC50&Prime; icon_placement=\u00a0\u00bbleft\u00a0\u00bb _builder_version=\u00a0\u00bb4.20.0&Prime; animation_style=\u00a0\u00bbzoom\u00a0\u00bb global_colors_info=\u00a0\u00bb{}\u00a0\u00bb]2. Rappeler aux th\u00e9rapeutes respiratoires de l\u2019Ontario leurs responsabilit\u00e9s et leurs obligations concernant la pr\u00e9vention et la lutte contre les infections dans leur milieu de travail.[\/et_pb_blurb][et_pb_text _builder_version=\u00a0\u00bb4.20.0&Prime; _module_preset=\u00a0\u00bbdefault\u00a0\u00bb global_colors_info=\u00a0\u00bb{}\u00a0\u00bb]<\/p>\n<p>Les membres de l\u2019OTRO sont tenus de se tenir au courant des proc\u00e9dures de lutte contre les infections et de promouvoir dans leur \u00e9tablissement les pratiques exemplaires \u00e0 cet \u00e9gard. Les pr\u00e9sentes pratiques exemplaires constituent un document \u00e9volutif qui sera modifi\u00e9 au fur et \u00e0 mesure de l\u2019\u00e9volution des normes de pratique. De plus, d\u2019autres documents sur les infections et la lutte contre les infections sont publi\u00e9s de fa\u00e7on r\u00e9guli\u00e8re par diff\u00e9rents organismes gouvernementaux ou autres (p. ex., <a href=\"https:\/\/www.publichealthontario.ca\/\" target=\"_blank\" rel=\"noopener\">Sant\u00e9 publique Ontario<\/a>).<\/p>\n<p>Pour en savoir plus sur la formation continue sur la lutte contre les infections et le processus de certification pour devenir un praticien qualifi\u00e9 de la lutte contre les infections, voir <a href=\"https:\/\/ipac-canada.org\/\" target=\"_blank\" rel=\"noopener\">Pr\u00e9vention et contr\u00f4le des infection Canada.<\/a><\/p>\n<p>[\/et_pb_text][\/et_pb_column][\/et_pb_row][\/et_pb_section][et_pb_section fb_built=\u00a0\u00bb1&Prime; _builder_version=\u00a0\u00bb4.16&Prime; saved_tabs=\u00a0\u00bball\u00a0\u00bb global_colors_info=\u00a0\u00bb{}\u00a0\u00bb][et_pb_row _builder_version=\u00a0\u00bb4.16&Prime; background_size=\u00a0\u00bbinitial\u00a0\u00bb background_position=\u00a0\u00bbtop_left\u00a0\u00bb background_repeat=\u00a0\u00bbrepeat\u00a0\u00bb animation_style=\u00a0\u00bbflip\u00a0\u00bb global_colors_info=\u00a0\u00bb{}\u00a0\u00bb][et_pb_column type=\u00a0\u00bb4_4&Prime; _builder_version=\u00a0\u00bb4.16&Prime; custom_padding=\u00a0\u00bb|||\u00a0\u00bb global_colors_info=\u00a0\u00bb{}\u00a0\u00bb custom_padding__hover=\u00a0\u00bb|||\u00a0\u00bb][et_pb_toggle title=\u00a0\u00bbR\u00c9F\u00c9RENCES\u00a0\u00bb admin_label=\u00a0\u00bbGLOSSARY\u00a0\u00bb _builder_version=\u00a0\u00bb4.16&Prime; global_colors_info=\u00a0\u00bb{}\u00a0\u00bb]<\/p>\n<p>Association for the Advancement of Medical Instrumentation (AAMI). (2015). <em>FDA proposes new criteria for surgical gowns.<\/em> Tir\u00e9 de Association for the Advancement of Medical Instrumentation, site Web : <a href=\"http:\/\/www.aami.org\/newsviews\/newsdetail.aspx?ItemNumber=2650\">www.aami.org\/newsviews\/newsdetail.aspx?ItemNumber=2650<\/a><\/p>\n<p>Institut canadien pour la s\u00e9curit\u00e9 des patients. (Aucune date.). <em>Pneumonie associ\u00e9e au ventilateur (PAV). <\/em>Tir\u00e9 du site Web de l\u2019Institut canadien pour la s\u00e9curit\u00e9 des patients : <a href=\"http:\/\/www.patientsafetyinstitute.ca\/en\/topic\/pages\/ventilator-associatedpneumonia-(vap).aspx\">www.patientsafetyinstitute.ca\/en\/topic\/pages\/ventilator-associatedpneumonia-(vap).aspx<\/a><\/p>\n<p>Centers for Disease Control and Prevention. (2011). <em>Central line-associated bloodstream infections: Resources for patients and healthcare providers.<\/em> Tir\u00e9 du site Web de Centers for Disease Control and Prevention : <a href=\"http:\/\/www.cdc.gov\/HAI\/bsi\/CLABSI-resources.html\">www.cdc.gov\/HAI\/bsi\/CLABSI-resources.html<\/a><\/p>\n<p>Secr\u00e9tariat des soins aux malades en phase critique (2012). <em>Trousse d\u2019outils de pr\u00e9vention de la <\/em><em>pneumonie acquise sous ventilation m\u00e9canique et les infections par cath\u00e9ter central.<\/em> Tir\u00e9 du site Web de Services ontariens des soins aux malades en phase critique : <a href=\"http:\/\/www.criticalcareontario.ca\/EN\/Toolbox\/Performance%20Improvement%20Collaborative\/VAP%20and%2%200CLI%20Toolkit%20(2012).pdf\" target=\"_blank\" rel=\"noopener noreferrer\">www.criticalcareontario.ca\/EN\/Toolbox\/Performance%20Improvement%20Collaborative\/VAP%20and%2 0CLI%20Toolkit%20(2012).pdf<\/a><\/p>\n<p>Immunize Canada. (2016). <em>ImmunizeCA app.<\/em> Tir\u00e9 du site Web d\u2019Immunisation Canada : <a href=\"http:\/\/immunize.ca\/en\/app.aspx\">http:\/\/immunize.ca\/en\/app.aspx<\/a><\/p>\n<p>Loeb, M., Dafoe, N., Mahony J., John, M., Sarabia, A., Glavin, V., Walter, S.S. (2009). <em>Surgical mask vs N95 respirator for preventing influenza among health care workers: A randomized trial.<\/em> JAMA, 302(17), 1865- 1871. doi:10.1001\/jama.2009.1466. Tir\u00e9 de <a href=\"http:\/\/jama.jamanetwork.com\/article.aspx?articleid=184819\">http:\/\/jama.jamanetwork.com\/article.aspx?articleid=184819<\/a><\/p>\n<p>CCPMI. (2012a). <em>Pratiques exemplaires \u2013 Programmes de pr\u00e9vention et de contr\u00f4le des infections en Ontario <\/em><em>(3<span style=\"font-size: xx-small;\"><sup>e<\/sup><\/span> \u00e9dition).<\/em> Tir\u00e9 du site Web de Sant\u00e9 publique Ontario : <a href=\"http:\/\/www.publichealthontario.ca\/fr\/eRepository\/BP_IPAC_Ontario_HCSettings_2012.pdf\">www.publichealthontario.ca\/fr\/eRepository\/BP_IPAC_Ontario_HCSettings_2012.pdf<\/a><\/p>\n<p>CCPMI. (2012b). <em>Pratiques de base et pr\u00e9cautions suppl\u00e9mentaires dans tous les \u00e9tablissements de soins de <\/em><em>sant\u00e9 (3<span style=\"font-size: xx-small;\"><sup>e<\/sup><\/span> \u00e9dition).<\/em> Tir\u00e9 du site Web de Sant\u00e9 publique Ontario : <a href=\"http:\/\/www.publichealthontario.ca\/fr\/eRepository\/RPAP_All_HealthCare_Settings_Eng2012.pdf\">www.publichealthontario.ca\/fr\/eRepository\/RPAP_All_HealthCare_Settings_Eng2012.pdf<\/a><\/p>\n<p>CCPMI. (2013). <em>Annexe B : Pratiques exemplaires en mati\u00e8re de pr\u00e9vention de la transmission des infections <\/em><em>aigu\u00ebs des voies respiratoires dans tous les \u00e9tablissements de soins de sant\u00e9.<\/em> Tir\u00e9 du site Web de Sant\u00e9 publique Ontario : <a href=\"http:\/\/www.publichealthontario.ca\/fr\/eRepository\/CCPMI-IPC_Annex_B_Prevention_Transmission_ARI_2013.pdf\">www.publichealthontario.ca\/fr\/eRepository\/CCPMI-IPC_Annex_B_Prevention_Transmission_ARI_2013.pdf<\/a><\/p>\n<p>CCPMI. (2014). <em>Pratiques exemplaires d\u2019hygi\u00e8ne des mains dans tous les \u00e9tablissements de soins de <\/em><em>sant\u00e9, (4<span style=\"font-size: xx-small;\"><sup>e<\/sup><\/span> \u00e9dition).<\/em> Tir\u00e9 du site Web de Sant\u00e9 publique Ontario : <a href=\"http:\/\/www.publichealthontario.ca\/fr\/eRepository\/2010-12%20BP%20Hand%20Hygiene.pdf\">www.publichealthontario.ca\/fr\/eRepository\/2010-12%20BP%20Hand%20Hygiene.pdf<\/a><\/p>\n<p>CCPMI. (2015a). <em>Pratiques exemplaires de pr\u00e9vention, de surveillance et de contr\u00f4le des nouvelles infections <\/em><em>respiratoires dans tous les \u00e9tablissements de soins de sant\u00e9.<\/em> Tir\u00e9 du site Web de Sant\u00e9 publique Ontario : <a href=\"http:\/\/www.publichealthontario.ca\/en\/eRepository\/Best_Practices_Novel_Respiratory_Infections.pdf\">http:\/\/www.publichealthontario.ca\/en\/eRepository\/Best_Practices_Novel_Respiratory_Infections.pdf<\/a><\/p>\n<p>CCPMI. (2015b). <em>Pr\u00e9vention et contr\u00f4le des infections pour la pratique en cabinet et en clinique.<\/em> Tir\u00e9 du site Web de Sant\u00e9 publique Ontario : <a href=\"http:\/\/www.publichealthontario.ca\/fr\/eRepository\/IPAC_Clinical_Office_Practice_2013.pdf\">www.publichealthontario.ca\/fr\/eRepository\/IPAC_Clinical_Office_Practice_2013.pdf<\/a><\/p>\n<p>CCPMI. (2016). <em>Pr\u00e9paratifs : Triage, d\u00e9pistage et gestion des patients ayant une infection au Coronavirus du <\/em><em>syndrome respiratoire du Moyen-Orient (MERS-CoV) dans les \u00e9tablissements de soins actifs.<\/em> Tir\u00e9 du site Web de Sant\u00e9 publique Ontario : <a href=\"www.publichealthontario.ca\/fr\/eRepository\/CCPMI-IPC_Preparedness_Tools_MERS_CoV_2013.pdf\">www.publichealthontario.ca\/fr\/eRepository\/CCPMI-IPC_Preparedness_Tools_MERS_CoV_2013.pdf<\/a><\/p>\n<p>Agence de la sant\u00e9 publique du Canada. (2013). <em>Guide canadien d\u2019immunisation.<\/em> Tir\u00e9 du site Web de Agence de la sant\u00e9 publique du Canada : <a href=\"http:\/\/phac-aspc.gc.ca\/publicat\/cig-gci\/p03-work-travail-fra.php#a1\">http:\/\/phac-aspc.gc.ca\/publicat\/cig-gci\/p03-work-travail-fra.php#a1<\/a><\/p>\n<p>Agence de la sant\u00e9 publique du Canada. (2014). <em>Normes canadiennes pour <\/em><em>la lutte antituberculeuse (7<span style=\"font-size: xx-small;\"><sup>e<\/sup><\/span> \u00e9dition).<\/em> Tir\u00e9 du site Web de Agence de la sant\u00e9 publique du Canada : <a href=\"https:\/\/www.canada.ca\/content\/dam\/phac-aspc\/migration\/phac-aspc\/tbpc-latb\/pubs\/tb-canada-7\/assets\/pdf\/tb-standards-tb-normes-ch7-fra.pdf\">https:\/\/www.canada.ca\/content\/dam\/phac-aspc\/migration\/phac-aspc\/tbpc-latb\/pubs\/tb-canada-7\/assets\/pdf\/tb-standards-tb-normes-ch7-fra.pdf<\/a><\/p>\n<p>Agence de la sant\u00e9 publique du Canada. (2016). <em>R\u00e9sum\u00e9 de l\u2019\u00e9valuation du risque associ\u00e9 au coronavirus du <\/em><em>syndrome respiratoire du Moyen-Orient (MERS-CoV) pour la sant\u00e9 publique au Canada.<\/em> Tir\u00e9 du site Web de l\u2019Agence de la sant\u00e9 publique du Canada : <a href=\"http:\/\/www.phac-aspc.gc.ca\/eri-ire\/coronavirus\/risk_assessment-evaluation_risque-fra.php\">www.phac-aspc.gc.ca\/eri-ire\/coronavirus\/risk_assessment-evaluation_risque-fra.php<\/a><\/p>\n<p>Sant\u00e9 publique Ontario. (n.d.a). <em>Cha\u00eene de transmission et \u00e9valuation des risques : Glossaire.<\/em> Tir\u00e9 du site Web de Sant\u00e9 publique Ontario : <a href=\"http:\/\/www.publichealthontario.ca\/fr\/LearningAndDevelopment\/OnlineLearning\/InfectiousDiseases\/IPACCore\/Documents\/CORE_Trainers_COT_and_RA_Module_Glossary_April_2014.pdf\" target=\"_blank\" rel=\"noopener noreferrer\">www.publichealthontario.ca\/fr\/LearningAndDevelopment\/OnlineLearning\/InfectiousDiseases\/IPACCore\/Documents\/CORE_Trainers_COT_and_RA_Module_Glossary_April_2014.pdf<\/a><\/p>\n<p>Sant\u00e9 publique Ontario. (n.d.b). Algorithme des risques guidant l\u2019utilisation des \u00c9PI. Tir\u00e9 du site Web de Sant\u00e9 publique Ontario : <a href=\"file:\/\/\/C|\/Users\/carso\/AppData\/Local\/Temp\/ www.publichealthontario.ca\/fr\/eRepository\/IPAC_Clinical_Office_Practice_Risk_Algorithm_PPE_2013.pdf\">file:\/\/\/C|\/Users\/carso\/AppData\/Local\/Temp\/ www.publichealthontario.ca\/fr\/eRepository\/IPAC_Clinical_Office_Practice_Risk_Algorithm_PPE_2013.pdf<\/a><\/p>\n<p>Organisation mondiale de la Sant\u00e9. (2015). Coronavirus du syndrome respiratoire du Moyen-Orient (MERSCoV). Tir\u00e9 du site Web de l\u2019Organisation mondiale de la Sant\u00e9 : <a href=\"http:\/\/www.who.int\/mediacentre\/factsheets\/mers-cov\/fr\/\">www.who.int\/mediacentre\/factsheets\/mers-cov\/fr\/<\/a><\/p>\n<p>[\/et_pb_toggle][\/et_pb_column][\/et_pb_row][\/et_pb_section][et_pb_section fb_built=\u00a0\u00bb1&Prime; inner_shadow=\u00a0\u00bbon\u00a0\u00bb module_id=\u00a0\u00bbfootnote\u00a0\u00bb _builder_version=\u00a0\u00bb4.16&Prime; use_background_color_gradient=\u00a0\u00bbon\u00a0\u00bb background_color_gradient_type=\u00a0\u00bbcircular\u00a0\u00bb background_color_gradient_stops=\u00a0\u00bb#ffffff 53%|#ededed 100%\u00a0\u00bb background_color_gradient_start=\u00a0\u00bb#ffffff\u00a0\u00bb background_color_gradient_start_position=\u00a0\u00bb53%\u00a0\u00bb background_color_gradient_end=\u00a0\u00bb#ededed\u00a0\u00bb custom_padding=\u00a0\u00bb20px||20px|\u00a0\u00bb global_colors_info=\u00a0\u00bb{}\u00a0\u00bb][et_pb_row column_structure=\u00a0\u00bb1_2,1_4,1_4&Prime; _builder_version=\u00a0\u00bb4.16&Prime; global_colors_info=\u00a0\u00bb{}\u00a0\u00bb][et_pb_column type=\u00a0\u00bb1_2&Prime; _builder_version=\u00a0\u00bb4.16&Prime; custom_padding=\u00a0\u00bb|||\u00a0\u00bb global_colors_info=\u00a0\u00bb{}\u00a0\u00bb custom_padding__hover=\u00a0\u00bb|||\u00a0\u00bb][\/et_pb_column][et_pb_column type=\u00a0\u00bb1_4&Prime; _builder_version=\u00a0\u00bb4.16&Prime; custom_padding=\u00a0\u00bb|||\u00a0\u00bb global_colors_info=\u00a0\u00bb{}\u00a0\u00bb custom_padding__hover=\u00a0\u00bb|||\u00a0\u00bb][\/et_pb_column][et_pb_column type=\u00a0\u00bb1_4&Prime; _builder_version=\u00a0\u00bb4.16&Prime; custom_padding=\u00a0\u00bb|||\u00a0\u00bb global_colors_info=\u00a0\u00bb{}\u00a0\u00bb custom_padding__hover=\u00a0\u00bb|||\u00a0\u00bb][et_pb_button button_url=\u00a0\u00bb\/fr\/novel-respiratory-infections-nri\/\u00a0\u00bb button_text=\u00a0\u00bbpr\u00e9c\u00e9dent\u00a0\u00bb button_alignment=\u00a0\u00bbleft\u00a0\u00bb admin_label=\u00a0\u00bbPrevious\u00a0\u00bb _builder_version=\u00a0\u00bb4.20.0&Prime; animation_style=\u00a0\u00bbfade\u00a0\u00bb hover_enabled=\u00a0\u00bb0&Prime; global_colors_info=\u00a0\u00bb{}\u00a0\u00bb button_text_size__hover_enabled=\u00a0\u00bboff\u00a0\u00bb button_one_text_size__hover_enabled=\u00a0\u00bboff\u00a0\u00bb button_two_text_size__hover_enabled=\u00a0\u00bboff\u00a0\u00bb button_text_color__hover_enabled=\u00a0\u00bboff\u00a0\u00bb button_one_text_color__hover_enabled=\u00a0\u00bboff\u00a0\u00bb button_two_text_color__hover_enabled=\u00a0\u00bboff\u00a0\u00bb button_border_width__hover_enabled=\u00a0\u00bboff\u00a0\u00bb button_one_border_width__hover_enabled=\u00a0\u00bboff\u00a0\u00bb button_two_border_width__hover_enabled=\u00a0\u00bboff\u00a0\u00bb button_border_color__hover_enabled=\u00a0\u00bboff\u00a0\u00bb button_one_border_color__hover_enabled=\u00a0\u00bboff\u00a0\u00bb button_two_border_color__hover_enabled=\u00a0\u00bboff\u00a0\u00bb button_border_radius__hover_enabled=\u00a0\u00bboff\u00a0\u00bb button_one_border_radius__hover_enabled=\u00a0\u00bboff\u00a0\u00bb button_two_border_radius__hover_enabled=\u00a0\u00bboff\u00a0\u00bb button_letter_spacing__hover_enabled=\u00a0\u00bboff\u00a0\u00bb button_one_letter_spacing__hover_enabled=\u00a0\u00bboff\u00a0\u00bb button_two_letter_spacing__hover_enabled=\u00a0\u00bboff\u00a0\u00bb button_bg_color__hover_enabled=\u00a0\u00bboff\u00a0\u00bb button_one_bg_color__hover_enabled=\u00a0\u00bboff\u00a0\u00bb button_two_bg_color__hover_enabled=\u00a0\u00bboff\u00a0\u00bb sticky_enabled=\u00a0\u00bb0&Prime;][\/et_pb_button][\/et_pb_column][\/et_pb_row][\/et_pb_section]<\/p>\n","protected":false},"excerpt":{"rendered":"<p>Derniers commentaires et recommandationsLa raison d\u2019\u00eatre du pr\u00e9sent document sur la pr\u00e9vention et la lutte contre les infections est double:1. Fournir une ressource d\u00e9taill\u00e9e concernant la pr\u00e9vention des infections aux membres de l\u2019OTRO qui renferme de l\u2019information visant particuli\u00e8rement les th\u00e9rapeutes respiratoires;2. Rappeler aux th\u00e9rapeutes respiratoires de l\u2019Ontario leurs responsabilit\u00e9s et leurs obligations concernant la [&hellip;]<\/p>\n","protected":false},"author":6,"featured_media":0,"parent":0,"menu_order":0,"comment_status":"closed","ping_status":"closed","template":"","meta":{"_et_pb_use_builder":"on","_et_pb_old_content":"","_et_gb_content_width":"","footnotes":""},"class_list":["post-3492","page","type-page","status-publish","hentry"],"yoast_head":"<!-- This site is optimized with the Yoast SEO plugin v26.9 - https:\/\/yoast.com\/product\/yoast-seo-wordpress\/ -->\n<title>Derniers commentaires - Infection Prevention &amp; Control CBPG<\/title>\n<meta name=\"robots\" content=\"index, follow, max-snippet:-1, max-image-preview:large, max-video-preview:-1\" \/>\n<link rel=\"canonical\" href=\"https:\/\/infection.crto.on.ca\/fr\/derniers-commentaires\/\" \/>\n<meta property=\"og:locale\" content=\"fr_FR\" \/>\n<meta property=\"og:type\" content=\"article\" \/>\n<meta property=\"og:title\" content=\"Derniers commentaires - Infection Prevention &amp; Control CBPG\" \/>\n<meta property=\"og:description\" content=\"Derniers commentaires et recommandationsLa raison d\u2019\u00eatre du pr\u00e9sent document sur la pr\u00e9vention et la lutte contre les infections est double:1. Fournir une ressource d\u00e9taill\u00e9e concernant la pr\u00e9vention des infections aux membres de l\u2019OTRO qui renferme de l\u2019information visant particuli\u00e8rement les th\u00e9rapeutes respiratoires;2. Rappeler aux th\u00e9rapeutes respiratoires de l\u2019Ontario leurs responsabilit\u00e9s et leurs obligations concernant la [&hellip;]\" \/>\n<meta property=\"og:url\" content=\"https:\/\/infection.crto.on.ca\/fr\/derniers-commentaires\/\" \/>\n<meta property=\"og:site_name\" content=\"Infection Prevention &amp; Control CBPG\" \/>\n<meta property=\"article:modified_time\" content=\"2023-05-15T13:53:01+00:00\" \/>\n<meta name=\"twitter:card\" content=\"summary_large_image\" \/>\n<meta name=\"twitter:label1\" content=\"Est. reading time\" \/>\n\t<meta name=\"twitter:data1\" content=\"4 minutes\" \/>\n<script type=\"application\/ld+json\" class=\"yoast-schema-graph\">{\"@context\":\"https:\/\/schema.org\",\"@graph\":[{\"@type\":\"WebPage\",\"@id\":\"https:\/\/infection.crto.on.ca\/fr\/derniers-commentaires\/\",\"url\":\"https:\/\/infection.crto.on.ca\/fr\/derniers-commentaires\/\",\"name\":\"Derniers commentaires - Infection Prevention & Control CBPG\",\"isPartOf\":{\"@id\":\"https:\/\/infection.crto.on.ca\/#website\"},\"datePublished\":\"2021-08-11T23:28:03+00:00\",\"dateModified\":\"2023-05-15T13:53:01+00:00\",\"breadcrumb\":{\"@id\":\"https:\/\/infection.crto.on.ca\/fr\/derniers-commentaires\/#breadcrumb\"},\"inLanguage\":\"fr-FR\",\"potentialAction\":[{\"@type\":\"ReadAction\",\"target\":[\"https:\/\/infection.crto.on.ca\/fr\/derniers-commentaires\/\"]}]},{\"@type\":\"BreadcrumbList\",\"@id\":\"https:\/\/infection.crto.on.ca\/fr\/derniers-commentaires\/#breadcrumb\",\"itemListElement\":[{\"@type\":\"ListItem\",\"position\":1,\"name\":\"Home\",\"item\":\"https:\/\/infection.crto.on.ca\/\"},{\"@type\":\"ListItem\",\"position\":2,\"name\":\"Derniers commentaires\"}]},{\"@type\":\"WebSite\",\"@id\":\"https:\/\/infection.crto.on.ca\/#website\",\"url\":\"https:\/\/infection.crto.on.ca\/\",\"name\":\"Infection Prevention & Control CBPG\",\"description\":\"Clinical Best Practice Guideline\",\"potentialAction\":[{\"@type\":\"SearchAction\",\"target\":{\"@type\":\"EntryPoint\",\"urlTemplate\":\"https:\/\/infection.crto.on.ca\/?s={search_term_string}\"},\"query-input\":{\"@type\":\"PropertyValueSpecification\",\"valueRequired\":true,\"valueName\":\"search_term_string\"}}],\"inLanguage\":\"fr-FR\"}]}<\/script>\n<!-- \/ Yoast SEO plugin. -->","yoast_head_json":{"title":"Derniers commentaires - Infection Prevention & Control CBPG","robots":{"index":"index","follow":"follow","max-snippet":"max-snippet:-1","max-image-preview":"max-image-preview:large","max-video-preview":"max-video-preview:-1"},"canonical":"https:\/\/infection.crto.on.ca\/fr\/derniers-commentaires\/","og_locale":"fr_FR","og_type":"article","og_title":"Derniers commentaires - Infection Prevention & Control CBPG","og_description":"Derniers commentaires et recommandationsLa raison d\u2019\u00eatre du pr\u00e9sent document sur la pr\u00e9vention et la lutte contre les infections est double:1. Fournir une ressource d\u00e9taill\u00e9e concernant la pr\u00e9vention des infections aux membres de l\u2019OTRO qui renferme de l\u2019information visant particuli\u00e8rement les th\u00e9rapeutes respiratoires;2. Rappeler aux th\u00e9rapeutes respiratoires de l\u2019Ontario leurs responsabilit\u00e9s et leurs obligations concernant la [&hellip;]","og_url":"https:\/\/infection.crto.on.ca\/fr\/derniers-commentaires\/","og_site_name":"Infection Prevention & Control CBPG","article_modified_time":"2023-05-15T13:53:01+00:00","twitter_card":"summary_large_image","twitter_misc":{"Est. reading time":"4 minutes"},"schema":{"@context":"https:\/\/schema.org","@graph":[{"@type":"WebPage","@id":"https:\/\/infection.crto.on.ca\/fr\/derniers-commentaires\/","url":"https:\/\/infection.crto.on.ca\/fr\/derniers-commentaires\/","name":"Derniers commentaires - Infection Prevention & Control CBPG","isPartOf":{"@id":"https:\/\/infection.crto.on.ca\/#website"},"datePublished":"2021-08-11T23:28:03+00:00","dateModified":"2023-05-15T13:53:01+00:00","breadcrumb":{"@id":"https:\/\/infection.crto.on.ca\/fr\/derniers-commentaires\/#breadcrumb"},"inLanguage":"fr-FR","potentialAction":[{"@type":"ReadAction","target":["https:\/\/infection.crto.on.ca\/fr\/derniers-commentaires\/"]}]},{"@type":"BreadcrumbList","@id":"https:\/\/infection.crto.on.ca\/fr\/derniers-commentaires\/#breadcrumb","itemListElement":[{"@type":"ListItem","position":1,"name":"Home","item":"https:\/\/infection.crto.on.ca\/"},{"@type":"ListItem","position":2,"name":"Derniers commentaires"}]},{"@type":"WebSite","@id":"https:\/\/infection.crto.on.ca\/#website","url":"https:\/\/infection.crto.on.ca\/","name":"Infection Prevention & Control CBPG","description":"Clinical Best Practice Guideline","potentialAction":[{"@type":"SearchAction","target":{"@type":"EntryPoint","urlTemplate":"https:\/\/infection.crto.on.ca\/?s={search_term_string}"},"query-input":{"@type":"PropertyValueSpecification","valueRequired":true,"valueName":"search_term_string"}}],"inLanguage":"fr-FR"}]}},"_links":{"self":[{"href":"https:\/\/infection.crto.on.ca\/fr\/wp-json\/wp\/v2\/pages\/3492","targetHints":{"allow":["GET"]}}],"collection":[{"href":"https:\/\/infection.crto.on.ca\/fr\/wp-json\/wp\/v2\/pages"}],"about":[{"href":"https:\/\/infection.crto.on.ca\/fr\/wp-json\/wp\/v2\/types\/page"}],"author":[{"embeddable":true,"href":"https:\/\/infection.crto.on.ca\/fr\/wp-json\/wp\/v2\/users\/6"}],"replies":[{"embeddable":true,"href":"https:\/\/infection.crto.on.ca\/fr\/wp-json\/wp\/v2\/comments?post=3492"}],"version-history":[{"count":7,"href":"https:\/\/infection.crto.on.ca\/fr\/wp-json\/wp\/v2\/pages\/3492\/revisions"}],"predecessor-version":[{"id":3787,"href":"https:\/\/infection.crto.on.ca\/fr\/wp-json\/wp\/v2\/pages\/3492\/revisions\/3787"}],"wp:attachment":[{"href":"https:\/\/infection.crto.on.ca\/fr\/wp-json\/wp\/v2\/media?parent=3492"}],"curies":[{"name":"wp","href":"https:\/\/api.w.org\/{rel}","templated":true}]}}