{"id":3203,"date":"2021-02-11T14:28:51","date_gmt":"2021-02-11T14:28:51","guid":{"rendered":"https:\/\/infection.crto.on.ca\/introduction\/"},"modified":"2023-04-27T20:15:10","modified_gmt":"2023-04-27T20:15:10","slug":"introduction","status":"publish","type":"page","link":"https:\/\/infection.crto.on.ca\/fr\/introduction\/","title":{"rendered":"Introduction"},"content":{"rendered":"<p>[et_pb_section fb_built=\u00a0\u00bb1&Prime; _builder_version=\u00a0\u00bb4.16&Prime; background_image=\u00a0\u00bbhttps:\/\/infection.crto.on.ca\/wp-content\/uploads\/sites\/18\/2021\/02\/crto-greenpattern-crop-2.jpg\u00a0\u00bb global_colors_info=\u00a0\u00bb{}\u00a0\u00bb][et_pb_row _builder_version=\u00a0\u00bb4.16&Prime; background_size=\u00a0\u00bbinitial\u00a0\u00bb background_position=\u00a0\u00bbtop_left\u00a0\u00bb background_repeat=\u00a0\u00bbrepeat\u00a0\u00bb global_colors_info=\u00a0\u00bb{}\u00a0\u00bb][et_pb_column type=\u00a0\u00bb4_4&Prime; _builder_version=\u00a0\u00bb4.16&Prime; custom_padding=\u00a0\u00bb|||\u00a0\u00bb global_colors_info=\u00a0\u00bb{}\u00a0\u00bb custom_padding__hover=\u00a0\u00bb|||\u00a0\u00bb][et_pb_text admin_label=\u00a0\u00bbtitle\u00a0\u00bb _builder_version=\u00a0\u00bb4.16&Prime; module_alignment=\u00a0\u00bbleft\u00a0\u00bb global_colors_info=\u00a0\u00bb{}\u00a0\u00bb]<\/p>\n<h1><strong>INTRODUCTION<\/strong><\/h1>\n<p>[\/et_pb_text][\/et_pb_column][\/et_pb_row][\/et_pb_section][et_pb_section fb_built=\u00a0\u00bb1&Prime; _builder_version=\u00a0\u00bb4.16&Prime; custom_padding=\u00a0\u00bb0px||3px|||\u00a0\u00bb global_colors_info=\u00a0\u00bb{}\u00a0\u00bb][et_pb_row use_custom_gutter=\u00a0\u00bbon\u00a0\u00bb gutter_width=\u00a0\u00bb1&Prime; module_class=\u00a0\u00bb et_pb_row_fullwidth\u00a0\u00bb _builder_version=\u00a0\u00bb4.16&Prime; width=\u00a0\u00bb100%\u00a0\u00bb width_tablet=\u00a0\u00bb100%\u00a0\u00bb width_phone=\u00a0\u00bb\u00a0\u00bb width_last_edited=\u00a0\u00bbon|desktop\u00a0\u00bb max_width=\u00a0\u00bb100%\u00a0\u00bb max_width_tablet=\u00a0\u00bb100%\u00a0\u00bb max_width_phone=\u00a0\u00bb\u00a0\u00bb max_width_last_edited=\u00a0\u00bbon|desktop\u00a0\u00bb custom_padding=\u00a0\u00bb0px||0px|\u00a0\u00bb make_fullwidth=\u00a0\u00bbon\u00a0\u00bb global_colors_info=\u00a0\u00bb{}\u00a0\u00bb][et_pb_column type=\u00a0\u00bb4_4&Prime; _builder_version=\u00a0\u00bb4.16&Prime; custom_padding=\u00a0\u00bb|||\u00a0\u00bb global_colors_info=\u00a0\u00bb{}\u00a0\u00bb custom_padding__hover=\u00a0\u00bb|||\u00a0\u00bb][et_pb_divider color=\u00a0\u00bb#81AC50&Prime; divider_weight=\u00a0\u00bb3&Prime; disabled_on=\u00a0\u00bboff|off|off\u00a0\u00bb _builder_version=\u00a0\u00bb4.16&Prime; height=\u00a0\u00bb0px\u00a0\u00bb hide_on_mobile=\u00a0\u00bbon\u00a0\u00bb global_colors_info=\u00a0\u00bb{}\u00a0\u00bb][\/et_pb_divider][\/et_pb_column][\/et_pb_row][\/et_pb_section][et_pb_section fb_built=\u00a0\u00bb1&Prime; custom_padding_last_edited=\u00a0\u00bbon|desktop\u00a0\u00bb _builder_version=\u00a0\u00bb4.16&Prime; module_alignment=\u00a0\u00bbcenter\u00a0\u00bb custom_padding=\u00a0\u00bb90px||210px||false|false\u00a0\u00bb custom_padding_tablet=\u00a0\u00bb\u00a0\u00bb custom_padding_phone=\u00a0\u00bb\u00a0\u00bb global_colors_info=\u00a0\u00bb{}\u00a0\u00bb][et_pb_row _builder_version=\u00a0\u00bb4.16&Prime; background_size=\u00a0\u00bbinitial\u00a0\u00bb background_position=\u00a0\u00bbtop_left\u00a0\u00bb background_repeat=\u00a0\u00bbrepeat\u00a0\u00bb global_colors_info=\u00a0\u00bb{}\u00a0\u00bb][et_pb_column type=\u00a0\u00bb4_4&Prime; _builder_version=\u00a0\u00bb4.16&Prime; custom_padding=\u00a0\u00bb|||\u00a0\u00bb global_colors_info=\u00a0\u00bb{}\u00a0\u00bb custom_padding__hover=\u00a0\u00bb|||\u00a0\u00bb][et_pb_text admin_label=\u00a0\u00bbtext\u00a0\u00bb _builder_version=\u00a0\u00bb4.20.0&Prime; module_alignment=\u00a0\u00bbleft\u00a0\u00bb hover_enabled=\u00a0\u00bb0&Prime; global_colors_info=\u00a0\u00bb{}\u00a0\u00bb sticky_enabled=\u00a0\u00bb0&Prime;]\u00c0 titre de professionnels de la sant\u00e9 r\u00e9glement\u00e9s, les th\u00e9rapeutes respiratoires sont tenus de fournir des soins s\u00e9curitaires et de qualit\u00e9 aux membres du public, conform\u00e9ment aux normes de la profession. Le pr\u00e9sent document a \u00e9t\u00e9 \u00e9labor\u00e9 pour renseigner les th\u00e9rapeutes respiratoires sur les meilleures pratiques de pr\u00e9vention des infections. Le SRAS en 2003, la pand\u00e9mie de H1N1 en 2009, le syndrome respiratoire du Moyen-Orient et la crise de l\u2019Ebola en 2014 et 2015, la pand\u00e9mie de COVID-19, ainsi que le risque d\u2019une autre grippe pand\u00e9mique sont une bonne indication que les th\u00e9rapeutes respiratoires doivent se tenir au courant des pratiques exemplaires de pr\u00e9vention des infections.<\/p>\n<p>En plus de devoir rendre compte au public et \u00e0 l\u2019OTRO, les th\u00e9rapeutes respiratoires sont tenus de justifier leurs actions aupr\u00e8s de leur employeur. Si les employeurs ont des politiques et proc\u00e9dures visant la pr\u00e9vention des infections plus rigoureuses que la norme d\u2019exercice de l\u2019Ordre, les membres doivent respecter les politiques et proc\u00e9dures de leur l\u2019employeur. Lorsque les politiques et proc\u00e9dures de l\u2019employeur sont plus permissives que la norme d\u2019exercice de l\u2019Ordre, ils doivent respecter la norme d\u2019exercice de l\u2019OTRO.<br \/>\n[\/et_pb_text][et_pb_text admin_label=\u00a0\u00bbtext\u00a0\u00bb _builder_version=\u00a0\u00bb4.20.0&Prime; background_color=\u00a0\u00bb#81AC50&Prime; background_layout=\u00a0\u00bbdark\u00a0\u00bb module_alignment=\u00a0\u00bbleft\u00a0\u00bb custom_padding=\u00a0\u00bb25px|25px|25px|25px|true|true\u00a0\u00bb hover_enabled=\u00a0\u00bb0&Prime; global_colors_info=\u00a0\u00bb{}\u00a0\u00bb sticky_enabled=\u00a0\u00bb0&Prime;]Les publications de l\u2019OTRO contiennent des param\u00e8tres et des normes de pratique dont tous les th\u00e9rapeutes respiratoires de l\u2019Ontario doivent tenir compte dans les soins qu\u2019ils prodiguent \u00e0 leurs patients\/clients et dans l\u2019exercice de la profession. Les publications de l\u2019OTRO sont \u00e9labor\u00e9es en consultation avec les chefs de file de la pratique professionnelle et d\u00e9crivent les attentes professionnelles actuelles. Il est important de noter que ces publications de l\u2019OTRO peuvent \u00eatre utilis\u00e9es par l\u2019OTRO ou d\u2019autres organismes pour d\u00e9terminer si les normes d\u2019exercice appropri\u00e9es et les responsabilit\u00e9s professionnelles ont \u00e9t\u00e9 maintenues.[\/et_pb_text][\/et_pb_column][\/et_pb_row][\/et_pb_section][et_pb_section fb_built=\u00a0\u00bb1&Prime; inner_shadow=\u00a0\u00bbon\u00a0\u00bb module_id=\u00a0\u00bbfootnote\u00a0\u00bb _builder_version=\u00a0\u00bb4.16&Prime; use_background_color_gradient=\u00a0\u00bbon\u00a0\u00bb background_color_gradient_type=\u00a0\u00bbcircular\u00a0\u00bb background_color_gradient_stops=\u00a0\u00bb#ffffff 53%|#ededed 100%\u00a0\u00bb background_color_gradient_start=\u00a0\u00bb#ffffff\u00a0\u00bb background_color_gradient_start_position=\u00a0\u00bb53%\u00a0\u00bb background_color_gradient_end=\u00a0\u00bb#ededed\u00a0\u00bb custom_padding=\u00a0\u00bb20px||20px|\u00a0\u00bb global_colors_info=\u00a0\u00bb{}\u00a0\u00bb][et_pb_row column_structure=\u00a0\u00bb1_2,1_4,1_4&Prime; _builder_version=\u00a0\u00bb4.16&Prime; global_colors_info=\u00a0\u00bb{}\u00a0\u00bb][et_pb_column type=\u00a0\u00bb1_2&Prime; _builder_version=\u00a0\u00bb4.16&Prime; custom_padding=\u00a0\u00bb|||\u00a0\u00bb global_colors_info=\u00a0\u00bb{}\u00a0\u00bb custom_padding__hover=\u00a0\u00bb|||\u00a0\u00bb][\/et_pb_column][et_pb_column type=\u00a0\u00bb1_4&Prime; _builder_version=\u00a0\u00bb4.16&Prime; custom_padding=\u00a0\u00bb|||\u00a0\u00bb global_colors_info=\u00a0\u00bb{}\u00a0\u00bb custom_padding__hover=\u00a0\u00bb|||\u00a0\u00bb][\/et_pb_column][et_pb_column type=\u00a0\u00bb1_4&Prime; _builder_version=\u00a0\u00bb4.16&Prime; custom_padding=\u00a0\u00bb|||\u00a0\u00bb global_colors_info=\u00a0\u00bb{}\u00a0\u00bb custom_padding__hover=\u00a0\u00bb|||\u00a0\u00bb][et_pb_button button_url=\u00a0\u00bb\/fr\/guiding-principles-of-infection-prevention-and-control\/\u00a0\u00bb button_text=\u00a0\u00bbsuivant\u00a0\u00bb button_alignment=\u00a0\u00bbleft\u00a0\u00bb admin_label=\u00a0\u00bbNext\u00a0\u00bb _builder_version=\u00a0\u00bb4.16&Prime; animation_style=\u00a0\u00bbfade\u00a0\u00bb global_colors_info=\u00a0\u00bb{}\u00a0\u00bb button_text_size__hover_enabled=\u00a0\u00bboff\u00a0\u00bb button_one_text_size__hover_enabled=\u00a0\u00bboff\u00a0\u00bb button_two_text_size__hover_enabled=\u00a0\u00bboff\u00a0\u00bb button_text_color__hover_enabled=\u00a0\u00bboff\u00a0\u00bb button_one_text_color__hover_enabled=\u00a0\u00bboff\u00a0\u00bb button_two_text_color__hover_enabled=\u00a0\u00bboff\u00a0\u00bb button_border_width__hover_enabled=\u00a0\u00bboff\u00a0\u00bb button_one_border_width__hover_enabled=\u00a0\u00bboff\u00a0\u00bb button_two_border_width__hover_enabled=\u00a0\u00bboff\u00a0\u00bb button_border_color__hover_enabled=\u00a0\u00bboff\u00a0\u00bb button_one_border_color__hover_enabled=\u00a0\u00bboff\u00a0\u00bb button_two_border_color__hover_enabled=\u00a0\u00bboff\u00a0\u00bb button_border_radius__hover_enabled=\u00a0\u00bboff\u00a0\u00bb button_one_border_radius__hover_enabled=\u00a0\u00bboff\u00a0\u00bb button_two_border_radius__hover_enabled=\u00a0\u00bboff\u00a0\u00bb button_letter_spacing__hover_enabled=\u00a0\u00bboff\u00a0\u00bb button_one_letter_spacing__hover_enabled=\u00a0\u00bboff\u00a0\u00bb button_two_letter_spacing__hover_enabled=\u00a0\u00bboff\u00a0\u00bb button_bg_color__hover_enabled=\u00a0\u00bboff\u00a0\u00bb button_one_bg_color__hover_enabled=\u00a0\u00bboff\u00a0\u00bb button_two_bg_color__hover_enabled=\u00a0\u00bboff\u00a0\u00bb][\/et_pb_button][\/et_pb_column][\/et_pb_row][\/et_pb_section]<\/p>\n","protected":false},"excerpt":{"rendered":"<p>INTRODUCTION\u00c0 titre de professionnels de la sant\u00e9 r\u00e9glement\u00e9s, les th\u00e9rapeutes respiratoires sont tenus de fournir des soins s\u00e9curitaires et de qualit\u00e9 aux membres du public, conform\u00e9ment aux normes de la profession. Le pr\u00e9sent document a \u00e9t\u00e9 \u00e9labor\u00e9 pour renseigner les th\u00e9rapeutes respiratoires sur les meilleures pratiques de pr\u00e9vention des infections. Le SRAS en 2003, la [&hellip;]<\/p>\n","protected":false},"author":2,"featured_media":0,"parent":0,"menu_order":0,"comment_status":"closed","ping_status":"closed","template":"","meta":{"_et_pb_use_builder":"on","_et_pb_old_content":"","_et_gb_content_width":"","footnotes":""},"class_list":["post-3203","page","type-page","status-publish","hentry"],"yoast_head":"<!-- This site is optimized with the Yoast SEO plugin v26.9 - https:\/\/yoast.com\/product\/yoast-seo-wordpress\/ -->\n<title>Introduction - Infection Prevention &amp; Control CBPG<\/title>\n<meta name=\"robots\" content=\"index, follow, max-snippet:-1, max-image-preview:large, max-video-preview:-1\" \/>\n<link rel=\"canonical\" href=\"https:\/\/infection.crto.on.ca\/introduction\/\" \/>\n<meta property=\"og:locale\" content=\"fr_FR\" \/>\n<meta property=\"og:type\" content=\"article\" \/>\n<meta property=\"og:title\" content=\"Introduction - Infection Prevention &amp; Control CBPG\" \/>\n<meta property=\"og:description\" content=\"INTRODUCTION\u00c0 titre de professionnels de la sant\u00e9 r\u00e9glement\u00e9s, les th\u00e9rapeutes respiratoires sont tenus de fournir des soins s\u00e9curitaires et de qualit\u00e9 aux membres du public, conform\u00e9ment aux normes de la profession. Le pr\u00e9sent document a \u00e9t\u00e9 \u00e9labor\u00e9 pour renseigner les th\u00e9rapeutes respiratoires sur les meilleures pratiques de pr\u00e9vention des infections. Le SRAS en 2003, la [&hellip;]\" \/>\n<meta property=\"og:url\" content=\"https:\/\/infection.crto.on.ca\/introduction\/\" \/>\n<meta property=\"og:site_name\" content=\"Infection Prevention &amp; Control CBPG\" \/>\n<meta property=\"article:modified_time\" content=\"2023-04-27T20:15:10+00:00\" \/>\n<meta name=\"twitter:card\" content=\"summary_large_image\" \/>\n<meta name=\"twitter:label1\" content=\"Est. reading time\" \/>\n\t<meta name=\"twitter:data1\" content=\"5 minutes\" \/>\n<script type=\"application\/ld+json\" class=\"yoast-schema-graph\">{\"@context\":\"https:\/\/schema.org\",\"@graph\":[{\"@type\":\"WebPage\",\"@id\":\"https:\/\/infection.crto.on.ca\/introduction\/\",\"url\":\"https:\/\/infection.crto.on.ca\/introduction\/\",\"name\":\"Introduction - Infection Prevention & Control CBPG\",\"isPartOf\":{\"@id\":\"https:\/\/infection.crto.on.ca\/#website\"},\"datePublished\":\"2021-02-11T14:28:51+00:00\",\"dateModified\":\"2023-04-27T20:15:10+00:00\",\"breadcrumb\":{\"@id\":\"https:\/\/infection.crto.on.ca\/introduction\/#breadcrumb\"},\"inLanguage\":\"fr-FR\",\"potentialAction\":[{\"@type\":\"ReadAction\",\"target\":[\"https:\/\/infection.crto.on.ca\/introduction\/\"]}]},{\"@type\":\"BreadcrumbList\",\"@id\":\"https:\/\/infection.crto.on.ca\/introduction\/#breadcrumb\",\"itemListElement\":[{\"@type\":\"ListItem\",\"position\":1,\"name\":\"Home\",\"item\":\"https:\/\/infection.crto.on.ca\/\"},{\"@type\":\"ListItem\",\"position\":2,\"name\":\"Introduction\"}]},{\"@type\":\"WebSite\",\"@id\":\"https:\/\/infection.crto.on.ca\/#website\",\"url\":\"https:\/\/infection.crto.on.ca\/\",\"name\":\"Infection Prevention & Control CBPG\",\"description\":\"Clinical Best Practice Guideline\",\"potentialAction\":[{\"@type\":\"SearchAction\",\"target\":{\"@type\":\"EntryPoint\",\"urlTemplate\":\"https:\/\/infection.crto.on.ca\/?s={search_term_string}\"},\"query-input\":{\"@type\":\"PropertyValueSpecification\",\"valueRequired\":true,\"valueName\":\"search_term_string\"}}],\"inLanguage\":\"fr-FR\"}]}<\/script>\n<!-- \/ Yoast SEO plugin. -->","yoast_head_json":{"title":"Introduction - Infection Prevention & Control CBPG","robots":{"index":"index","follow":"follow","max-snippet":"max-snippet:-1","max-image-preview":"max-image-preview:large","max-video-preview":"max-video-preview:-1"},"canonical":"https:\/\/infection.crto.on.ca\/introduction\/","og_locale":"fr_FR","og_type":"article","og_title":"Introduction - Infection Prevention & Control CBPG","og_description":"INTRODUCTION\u00c0 titre de professionnels de la sant\u00e9 r\u00e9glement\u00e9s, les th\u00e9rapeutes respiratoires sont tenus de fournir des soins s\u00e9curitaires et de qualit\u00e9 aux membres du public, conform\u00e9ment aux normes de la profession. Le pr\u00e9sent document a \u00e9t\u00e9 \u00e9labor\u00e9 pour renseigner les th\u00e9rapeutes respiratoires sur les meilleures pratiques de pr\u00e9vention des infections. Le SRAS en 2003, la [&hellip;]","og_url":"https:\/\/infection.crto.on.ca\/introduction\/","og_site_name":"Infection Prevention & Control CBPG","article_modified_time":"2023-04-27T20:15:10+00:00","twitter_card":"summary_large_image","twitter_misc":{"Est. reading time":"5 minutes"},"schema":{"@context":"https:\/\/schema.org","@graph":[{"@type":"WebPage","@id":"https:\/\/infection.crto.on.ca\/introduction\/","url":"https:\/\/infection.crto.on.ca\/introduction\/","name":"Introduction - Infection Prevention & Control CBPG","isPartOf":{"@id":"https:\/\/infection.crto.on.ca\/#website"},"datePublished":"2021-02-11T14:28:51+00:00","dateModified":"2023-04-27T20:15:10+00:00","breadcrumb":{"@id":"https:\/\/infection.crto.on.ca\/introduction\/#breadcrumb"},"inLanguage":"fr-FR","potentialAction":[{"@type":"ReadAction","target":["https:\/\/infection.crto.on.ca\/introduction\/"]}]},{"@type":"BreadcrumbList","@id":"https:\/\/infection.crto.on.ca\/introduction\/#breadcrumb","itemListElement":[{"@type":"ListItem","position":1,"name":"Home","item":"https:\/\/infection.crto.on.ca\/"},{"@type":"ListItem","position":2,"name":"Introduction"}]},{"@type":"WebSite","@id":"https:\/\/infection.crto.on.ca\/#website","url":"https:\/\/infection.crto.on.ca\/","name":"Infection Prevention & Control CBPG","description":"Clinical Best Practice Guideline","potentialAction":[{"@type":"SearchAction","target":{"@type":"EntryPoint","urlTemplate":"https:\/\/infection.crto.on.ca\/?s={search_term_string}"},"query-input":{"@type":"PropertyValueSpecification","valueRequired":true,"valueName":"search_term_string"}}],"inLanguage":"fr-FR"}]}},"_links":{"self":[{"href":"https:\/\/infection.crto.on.ca\/fr\/wp-json\/wp\/v2\/pages\/3203","targetHints":{"allow":["GET"]}}],"collection":[{"href":"https:\/\/infection.crto.on.ca\/fr\/wp-json\/wp\/v2\/pages"}],"about":[{"href":"https:\/\/infection.crto.on.ca\/fr\/wp-json\/wp\/v2\/types\/page"}],"author":[{"embeddable":true,"href":"https:\/\/infection.crto.on.ca\/fr\/wp-json\/wp\/v2\/users\/2"}],"replies":[{"embeddable":true,"href":"https:\/\/infection.crto.on.ca\/fr\/wp-json\/wp\/v2\/comments?post=3203"}],"version-history":[{"count":3,"href":"https:\/\/infection.crto.on.ca\/fr\/wp-json\/wp\/v2\/pages\/3203\/revisions"}],"predecessor-version":[{"id":3747,"href":"https:\/\/infection.crto.on.ca\/fr\/wp-json\/wp\/v2\/pages\/3203\/revisions\/3747"}],"wp:attachment":[{"href":"https:\/\/infection.crto.on.ca\/fr\/wp-json\/wp\/v2\/media?parent=3203"}],"curies":[{"name":"wp","href":"https:\/\/api.w.org\/{rel}","templated":true}]}}